{"id":66,"date":"2020-04-20T14:47:43","date_gmt":"2020-04-20T14:47:43","guid":{"rendered":"http:\/\/maismagazine.pt\/?page_id=66"},"modified":"2021-12-28T10:18:00","modified_gmt":"2021-12-28T10:18:00","slug":"sobre","status":"publish","type":"page","link":"https:\/\/maismagazine.pt\/index.php\/privacy-policy\/sobre\/","title":{"rendered":"Sobre"},"content":{"rendered":"\n<p>Num mundo cada vez mais inovador torna-se igualmente perent\u00f3rio sermos mais inovadores na forma de comunicar. Antes de tudo \u00e9 importante clarificar conceitos e afirmar que inovar n\u00e3o \u00e9 o mesmo que inventar. Inovar \u00e9, sim, colocar no mercado um produto ou servi\u00e7o, novo ou renovado. <\/p>\n\n\n\n<p>Ou seja, inovar \u00e9 criar valor. E \u00e9 esse o nosso prop\u00f3sito: inovar na forma como as empresas e entidades comunicam com o exterior. Queremos tornar-nos uma ferramenta indispens\u00e1vel na forma de comunicar, na forma de apresentar, na forma de alcan\u00e7ar o leitor. <\/p>\n\n\n\n<p><strong>Queremos, que connosco, <span class=\"has-inline-color has-vivid-cyan-blue-color\">\u2018Seja Mais\u2019<\/span> <\/strong><\/p>\n\n\n\n<p>Distribu\u00edda com o seu jornal de refer\u00eancia a Mais Magazine chega mensalmente a pontos estrat\u00e9gicos do pa\u00eds onde se encontram os principais decisores.  Mas tamb\u00e9m, a n\u00edvel mundial, em vers\u00e3o digital e atrav\u00e9s das redes sociais . No contexto editorial queremos ser mais, marcando pela diferen\u00e7a, ao passar uma mensagem corporativa de forma clara e acess\u00edvel a todos.<\/p>\n","protected":false},"excerpt":{"rendered":"<p>Num mundo cada vez mais inovador torna-se igualmente perent\u00f3rio sermos mais inovadores na forma de comunicar. Antes de tudo \u00e9 importante clarificar conceitos e afirmar que inovar n\u00e3o \u00e9 o mesmo que inventar. Inovar \u00e9, sim, colocar no mercado um produto ou servi\u00e7o, novo ou renovado. Ou seja, inovar \u00e9&hellip;<\/p>\n","protected":false},"author":7,"featured_media":0,"parent":3,"menu_order":0,"comment_status":"closed","ping_status":"closed","template":"","meta":{"advgb_blocks_editor_width":"","advgb_blocks_columns_visual_guide":"","_monsterinsights_skip_tracking":false,"_monsterinsights_sitenote_active":false,"_monsterinsights_sitenote_note":"","_monsterinsights_sitenote_category":0,"footnotes":""},"class_list":["post-66","page","type-page","status-publish","hentry"],"yoast_head":"<!-- This site is optimized with the Yoast SEO plugin v24.4 - https:\/\/yoast.com\/wordpress\/plugins\/seo\/ -->\n<title>Sobre - Mais Magazine<\/title>\n<meta name=\"description\" content=\"Distribu\u00edda com o seu jornal de refer\u00eancia a Mais Magazine chega mensalmente a pontos estrat\u00e9gicos do pa\u00eds...\" \/>\n<meta name=\"robots\" content=\"index, follow, max-snippet:-1, max-image-preview:large, max-video-preview:-1\" \/>\n<link rel=\"canonical\" href=\"http:\/\/maismagazine.pt\/index.php\/privacy-policy\/sobre\/\" \/>\n<meta property=\"og:locale\" content=\"pt_PT\" \/>\n<meta property=\"og:type\" content=\"article\" \/>\n<meta property=\"og:title\" content=\"Sobre - Mais Magazine\" \/>\n<meta property=\"og:description\" content=\"Distribu\u00edda com o seu jornal de refer\u00eancia a Mais Magazine chega mensalmente a pontos estrat\u00e9gicos do pa\u00eds...\" \/>\n<meta property=\"og:url\" content=\"http:\/\/maismagazine.pt\/index.php\/privacy-policy\/sobre\/\" \/>\n<meta property=\"og:site_name\" content=\"Mais Magazine\" \/>\n<meta property=\"article:modified_time\" content=\"2021-12-28T10:18:00+00:00\" \/>\n<meta name=\"twitter:card\" content=\"summary_large_image\" \/>\n<meta name=\"twitter:label1\" content=\"Tempo estimado de leitura\" \/>\n\t<meta name=\"twitter:data1\" content=\"1 minuto\" \/>\n<script type=\"application\/ld+json\" class=\"yoast-schema-graph\">{\"@context\":\"https:\/\/schema.org\",\"@graph\":[{\"@type\":\"WebPage\",\"@id\":\"http:\/\/maismagazine.pt\/index.php\/privacy-policy\/sobre\/\",\"url\":\"http:\/\/maismagazine.pt\/index.php\/privacy-policy\/sobre\/\",\"name\":\"Sobre - Mais Magazine\",\"isPartOf\":{\"@id\":\"https:\/\/maismagazine.pt\/#website\"},\"datePublished\":\"2020-04-20T14:47:43+00:00\",\"dateModified\":\"2021-12-28T10:18:00+00:00\",\"description\":\"Distribu\u00edda com o seu jornal de refer\u00eancia a Mais Magazine chega mensalmente a pontos estrat\u00e9gicos do pa\u00eds...\",\"breadcrumb\":{\"@id\":\"http:\/\/maismagazine.pt\/index.php\/privacy-policy\/sobre\/#breadcrumb\"},\"inLanguage\":\"pt-PT\",\"potentialAction\":[{\"@type\":\"ReadAction\",\"target\":[\"http:\/\/maismagazine.pt\/index.php\/privacy-policy\/sobre\/\"]}]},{\"@type\":\"BreadcrumbList\",\"@id\":\"http:\/\/maismagazine.pt\/index.php\/privacy-policy\/sobre\/#breadcrumb\",\"itemListElement\":[{\"@type\":\"ListItem\",\"position\":1,\"name\":\"Home\",\"item\":\"https:\/\/maismagazine.pt\/\"},{\"@type\":\"ListItem\",\"position\":2,\"name\":\"Pol\u00edtica de Privacidade\",\"item\":\"http:\/\/maismagazine.pt\/index.php\/privacy-policy\/\"},{\"@type\":\"ListItem\",\"position\":3,\"name\":\"Sobre\"}]},{\"@type\":\"WebSite\",\"@id\":\"https:\/\/maismagazine.pt\/#website\",\"url\":\"https:\/\/maismagazine.pt\/\",\"name\":\"Mais Magazine\",\"description\":\"\",\"publisher\":{\"@id\":\"https:\/\/maismagazine.pt\/#organization\"},\"potentialAction\":[{\"@type\":\"SearchAction\",\"target\":{\"@type\":\"EntryPoint\",\"urlTemplate\":\"https:\/\/maismagazine.pt\/?s={search_term_string}\"},\"query-input\":{\"@type\":\"PropertyValueSpecification\",\"valueRequired\":true,\"valueName\":\"search_term_string\"}}],\"inLanguage\":\"pt-PT\"},{\"@type\":\"Organization\",\"@id\":\"https:\/\/maismagazine.pt\/#organization\",\"name\":\"Mais Magazine\",\"url\":\"https:\/\/maismagazine.pt\/\",\"logo\":{\"@type\":\"ImageObject\",\"inLanguage\":\"pt-PT\",\"@id\":\"https:\/\/maismagazine.pt\/#\/schema\/logo\/image\/\",\"url\":\"https:\/\/maismagazine.pt\/wp-content\/uploads\/2020\/04\/cropped-cropped-mais-magazine-site-logo-2.png\",\"contentUrl\":\"https:\/\/maismagazine.pt\/wp-content\/uploads\/2020\/04\/cropped-cropped-mais-magazine-site-logo-2.png\",\"width\":581,\"height\":90,\"caption\":\"Mais Magazine\"},\"image\":{\"@id\":\"https:\/\/maismagazine.pt\/#\/schema\/logo\/image\/\"}}]}<\/script>\n<!-- \/ Yoast SEO plugin. -->","yoast_head_json":{"title":"Sobre - Mais Magazine","description":"Distribu\u00edda com o seu jornal de refer\u00eancia a Mais Magazine chega mensalmente a pontos estrat\u00e9gicos do pa\u00eds...","robots":{"index":"index","follow":"follow","max-snippet":"max-snippet:-1","max-image-preview":"max-image-preview:large","max-video-preview":"max-video-preview:-1"},"canonical":"http:\/\/maismagazine.pt\/index.php\/privacy-policy\/sobre\/","og_locale":"pt_PT","og_type":"article","og_title":"Sobre - Mais Magazine","og_description":"Distribu\u00edda com o seu jornal de refer\u00eancia a Mais Magazine chega mensalmente a pontos estrat\u00e9gicos do pa\u00eds...","og_url":"http:\/\/maismagazine.pt\/index.php\/privacy-policy\/sobre\/","og_site_name":"Mais Magazine","article_modified_time":"2021-12-28T10:18:00+00:00","twitter_card":"summary_large_image","twitter_misc":{"Tempo estimado de leitura":"1 minuto"},"schema":{"@context":"https:\/\/schema.org","@graph":[{"@type":"WebPage","@id":"http:\/\/maismagazine.pt\/index.php\/privacy-policy\/sobre\/","url":"http:\/\/maismagazine.pt\/index.php\/privacy-policy\/sobre\/","name":"Sobre - Mais Magazine","isPartOf":{"@id":"https:\/\/maismagazine.pt\/#website"},"datePublished":"2020-04-20T14:47:43+00:00","dateModified":"2021-12-28T10:18:00+00:00","description":"Distribu\u00edda com o seu jornal de refer\u00eancia a Mais Magazine chega mensalmente a pontos estrat\u00e9gicos do pa\u00eds...","breadcrumb":{"@id":"http:\/\/maismagazine.pt\/index.php\/privacy-policy\/sobre\/#breadcrumb"},"inLanguage":"pt-PT","potentialAction":[{"@type":"ReadAction","target":["http:\/\/maismagazine.pt\/index.php\/privacy-policy\/sobre\/"]}]},{"@type":"BreadcrumbList","@id":"http:\/\/maismagazine.pt\/index.php\/privacy-policy\/sobre\/#breadcrumb","itemListElement":[{"@type":"ListItem","position":1,"name":"Home","item":"https:\/\/maismagazine.pt\/"},{"@type":"ListItem","position":2,"name":"Pol\u00edtica de Privacidade","item":"http:\/\/maismagazine.pt\/index.php\/privacy-policy\/"},{"@type":"ListItem","position":3,"name":"Sobre"}]},{"@type":"WebSite","@id":"https:\/\/maismagazine.pt\/#website","url":"https:\/\/maismagazine.pt\/","name":"Mais Magazine","description":"","publisher":{"@id":"https:\/\/maismagazine.pt\/#organization"},"potentialAction":[{"@type":"SearchAction","target":{"@type":"EntryPoint","urlTemplate":"https:\/\/maismagazine.pt\/?s={search_term_string}"},"query-input":{"@type":"PropertyValueSpecification","valueRequired":true,"valueName":"search_term_string"}}],"inLanguage":"pt-PT"},{"@type":"Organization","@id":"https:\/\/maismagazine.pt\/#organization","name":"Mais Magazine","url":"https:\/\/maismagazine.pt\/","logo":{"@type":"ImageObject","inLanguage":"pt-PT","@id":"https:\/\/maismagazine.pt\/#\/schema\/logo\/image\/","url":"https:\/\/maismagazine.pt\/wp-content\/uploads\/2020\/04\/cropped-cropped-mais-magazine-site-logo-2.png","contentUrl":"https:\/\/maismagazine.pt\/wp-content\/uploads\/2020\/04\/cropped-cropped-mais-magazine-site-logo-2.png","width":581,"height":90,"caption":"Mais Magazine"},"image":{"@id":"https:\/\/maismagazine.pt\/#\/schema\/logo\/image\/"}}]}},"coauthors":[],"author_meta":{"author_link":"https:\/\/maismagazine.pt\/index.php\/author\/maismagazine\/","display_name":false},"relative_dates":{"created":"Posted 6 anos ago","modified":"Updated 4 anos ago"},"absolute_dates":{"created":"Posted on 20 de Abril, 2020","modified":"Updated on 28 de Dezembro, 2021"},"absolute_dates_time":{"created":"Posted on 20 de Abril, 2020 14:47","modified":"Updated on 28 de Dezembro, 2021 10:18"},"featured_img_caption":"","featured_img":false,"series_order":"","_links":{"self":[{"href":"https:\/\/maismagazine.pt\/index.php\/wp-json\/wp\/v2\/pages\/66","targetHints":{"allow":["GET"]}}],"collection":[{"href":"https:\/\/maismagazine.pt\/index.php\/wp-json\/wp\/v2\/pages"}],"about":[{"href":"https:\/\/maismagazine.pt\/index.php\/wp-json\/wp\/v2\/types\/page"}],"author":[{"embeddable":true,"href":"https:\/\/maismagazine.pt\/index.php\/wp-json\/wp\/v2\/users\/7"}],"replies":[{"embeddable":true,"href":"https:\/\/maismagazine.pt\/index.php\/wp-json\/wp\/v2\/comments?post=66"}],"version-history":[{"count":4,"href":"https:\/\/maismagazine.pt\/index.php\/wp-json\/wp\/v2\/pages\/66\/revisions"}],"predecessor-version":[{"id":2150,"href":"https:\/\/maismagazine.pt\/index.php\/wp-json\/wp\/v2\/pages\/66\/revisions\/2150"}],"up":[{"embeddable":true,"href":"https:\/\/maismagazine.pt\/index.php\/wp-json\/wp\/v2\/pages\/3"}],"wp:attachment":[{"href":"https:\/\/maismagazine.pt\/index.php\/wp-json\/wp\/v2\/media?parent=66"}],"curies":[{"name":"wp","href":"https:\/\/api.w.org\/{rel}","templated":true}]}}